{"id":11682,"date":"2021-01-29T09:30:10","date_gmt":"2021-01-29T09:30:10","guid":{"rendered":"https:\/\/arbc.co.uk\/product\/standard-bench-kit\/"},"modified":"2026-03-23T09:46:37","modified_gmt":"2026-03-23T09:46:37","slug":"kit-banc-standard","status":"publish","type":"product","link":"https:\/\/arbc.co.uk\/fr\/product\/kit-banc-standard\/","title":{"rendered":"Kit de Banc Standard"},"content":{"rendered":"<h3>Le kit complet contient :<\/h3>\n<ul>\n<li><a href=\"https:\/\/arbc.co.uk\/wp-content\/uploads\/assembly_guides\/ARBC_Bench_Assembly_Guide-fr.pdf\" target=\"_blank\" rel=\"noopener\">Un guide d&rsquo;assemblage<\/a><\/li>\n<li>12 lattes en bois dur<\/li>\n<li>1 barre de renfort centrale, plate et non perc\u00e9e*<\/li>\n<li>2 tirants de renfort lat\u00e9raux, pr\u00e9-courb\u00e9s et perc\u00e9s**<\/li>\n<li>Jeu de 28 boulons, \u00e9crous et rondelles<\/li>\n<li>Jeu de 16 vis<\/li>\n<\/ul>\n<p class=\"notice\">REMARQUE : les pieds de banc <strong>ne sont pas<\/strong> incluses.<\/p>\n<p class=\"fyi\">Si vous n&rsquo;avez pas besoin des lattes, vous pouvez acheter les <a href=\"https:\/\/arbc.co.uk\/fr\/product\/accessoires-bancs\/\">accessoires<\/a> s\u00e9par\u00e9ment.<\/p>\n<p><em>* Afin de s&rsquo;adapter aux diff\u00e9rents types de bancs, la barre de renfort centrale est fournie \u00e0 plat et non perc\u00e9e et doit \u00eatre pli\u00e9e \u00e0 la forme de votre article.<br \/>\n** Nous ne fournissions pas de tiges.<\/em><\/p>\n<h3>\u00c0 propos des lattes<\/h3>\n<p>Notre kit standard comprend <strong>12 lattes en bois dur<\/strong> (Iroko), pr\u00e9-perc\u00e9es et arrondies sur les bords longs. Les trous sont centr\u00e9s et d\u00e9cal\u00e9s de 18 mm par rapport \u00e0 l&rsquo;extr\u00e9mit\u00e9.<\/p>\n<p>Les lattes larges mesurent <strong>1,2 m<\/strong> de long x <strong>55 mm<\/strong> x <strong>21 mm<\/strong> et les lattes \u00e9troites mesurent <strong>1,2 m<\/strong> de long x <strong>35 mm<\/strong> x <strong>21 mm<\/strong>. Veuillez v\u00e9rifier l&rsquo;entraxe des trous sur les pieds de votre banc afin de d\u00e9terminer celles dont vous avez besoin. Quelques-uns des rapports de taille les plus courants :<\/p>\n<ul>\n<li>8 larges x 4 \u00e9troites<\/li>\n<li>9 larges x 3 \u00e9troites<\/li>\n<li>10 larges x 2 \u00e9troites<\/li>\n<\/ul>\n<p>Si vos accoudoirs n\u00e9cessitent 12 lattes, mais avec les trous perc\u00e9s dans les extr\u00e9mit\u00e9s, vous auriez peut-\u00eatre besoin de notre <a href=\"https:\/\/arbc.co.uk\/fr\/product\/kit-banc-visserie-extremites\/\">kit de banc visserie aux extr\u00e9mit\u00e9s<\/a>.<\/p>\n","protected":false},"excerpt":{"rendered":"<p>Notre kit le plus populaire, de loin, le <strong>kit de banc standard<\/strong> convient \u00e0 la plupart des pieds de banc. Il est livr\u00e9 avec <strong>12 lattes en bois dur<\/strong> (<a class=\"jump-to\" href=\"#collapse116865\">Iroko<\/a>). Vous pouvez choisir entre plusieurs rapports de taille de lattes larges et \u00e9troites.<\/p>\n","protected":false},"featured_media":10100,"template":"","meta":{"_acf_changed":false},"product_brand":[],"product_cat":[47],"product_tag":[],"class_list":{"0":"post-11682","1":"product","2":"type-product","3":"status-publish","4":"has-post-thumbnail","6":"product_cat-kits-banc","8":"first","9":"instock","10":"taxable","11":"shipping-taxable","12":"purchasable","13":"product-type-simple"},"exclude_global_add_ons":false,"addons":[{"name":"Options des lattes","type":"heading","position":0,"required":false,"title_format":"label","default":"","description_enable":false,"description":"","placeholder_enable":false,"placeholder":"","display":"select","restrictions_type":"any_text","adjust_price":false,"price":"","price_type":"flat_fee","restrictions":false,"min":"0","max":"0","options":[],"id":1714477554},{"name":"Rapport de taille des lattes","type":"multiple_choice","position":1,"required":true,"title_format":"label","default":"","description_enable":false,"description":"","placeholder_enable":false,"placeholder":"","display":"select","restrictions_type":"any_text","adjust_price":false,"price":"","price_type":"flat_fee","restrictions":false,"min":"0","max":"0","options":[{"label":"8 larges, 4 \u00e9troites","price":"","price_type":"flat_fee","image":0,"visibility":true},{"label":"9 larges, 3 \u00e9troites","price":"","price_type":"flat_fee","image":0,"visibility":true},{"label":"10 larges, 2 \u00e9troites","price":"","price_type":"flat_fee","image":0,"visibility":true}],"id":1714477555},{"name":"Longueur des lattes","type":"multiple_choice","position":2,"required":true,"title_format":"label","default":"","description_enable":false,"description":"","placeholder_enable":false,"placeholder":"","display":"radiobutton","restrictions_type":"any_text","adjust_price":false,"price":"","price_type":"flat_fee","restrictions":false,"min":"0","max":"0","options":[{"label":"1200mm","price":"","price_type":"flat_fee","image":0,"visibility":true},{"label":"1220mm","price":"17.5","price_type":"quantity_based","image":0,"visibility":true}],"id":1714477556},{"name":"Utiliser les lattes de deuxi\u00e8me choix ?","type":"multiple_choice","position":3,"required":true,"title_format":"label","default":"","description_enable":true,"description":"<a href=\"\/fr\/categorie-produit\/kits-banc\/#collapse1168618\" target=\"_blank\">Qu'est-ce qu'une latte de deuxi\u00e8me choix ?<\/a>","placeholder_enable":false,"placeholder":"","display":"radiobutton","restrictions_type":"any_text","adjust_price":false,"price":"","price_type":"flat_fee","restrictions":false,"min":"0","max":"0","options":[{"label":"Non","price":"","price_type":"flat_fee","image":0,"visibility":true},{"label":"Oui","price":"-25","price_type":"quantity_based","image":0,"visibility":true}],"id":1714477557},{"name":"Lattes pr\u00e9-perc\u00e9es ?","type":"multiple_choice","position":4,"required":true,"title_format":"label","default":"","description_enable":false,"description":"","placeholder_enable":false,"placeholder":"","display":"radiobutton","restrictions_type":"any_text","adjust_price":false,"price":"","price_type":"flat_fee","restrictions":false,"min":"0","max":"0","options":[{"label":"Oui","price":"","price_type":"flat_fee","image":0,"visibility":true},{"label":"Non","price":"","price_type":"flat_fee","image":0,"visibility":true}],"id":1714477558},{"name":"Traitement","type":"multiple_choice","position":5,"required":true,"title_format":"label","default":"","description_enable":false,"description":"","placeholder_enable":false,"placeholder":"","display":"radiobutton","restrictions_type":"any_text","adjust_price":false,"price":"","price_type":"flat_fee","restrictions":false,"min":"0","max":"0","options":[{"label":"Non trait\u00e9es","price":"","price_type":"flat_fee","image":0,"visibility":true},{"label":"Huile de teck","price":"10","price_type":"quantity_based","image":0,"visibility":true}],"id":1714477559},{"name":"Contenu du kit","type":"heading","position":6,"required":false,"title_format":"label","default":"","description_enable":true,"description":"","placeholder_enable":false,"placeholder":"","display":"select","restrictions_type":"any_text","adjust_price":false,"price":"","price_type":"flat_fee","restrictions":false,"min":"0","max":"0","options":[],"id":1714477560},{"name":"Inclure la barre de renfort centrale ?","type":"multiple_choice","position":7,"required":true,"title_format":"label","default":"","description_enable":false,"description":"","placeholder_enable":false,"placeholder":"","display":"select","restrictions_type":"any_text","adjust_price":false,"price":"","price_type":"flat_fee","restrictions":false,"min":"0","max":"0","options":[{"label":"Non","price":"","price_type":"flat_fee","image":0,"visibility":true},{"label":"Oui","price":"6.333333","price_type":"quantity_based","image":0,"visibility":true}],"id":1714477561},{"name":"Inclure les tirants de renforts lat\u00e9raux ?","type":"multiple_choice","position":8,"required":true,"title_format":"label","default":"","description_enable":true,"description":"(nous ne fournissions pas de tiges)","placeholder_enable":false,"placeholder":"","display":"select","restrictions_type":"any_text","adjust_price":false,"price":"","price_type":"flat_fee","restrictions":false,"min":"0","max":"0","options":[{"label":"Non","price":"","price_type":"flat_fee","image":0,"visibility":true},{"label":"Oui","price":"15.5","price_type":"quantity_based","image":0,"visibility":true}],"id":1714477562},{"name":"Inclure la visserie ?","type":"multiple_choice","position":9,"required":true,"title_format":"label","default":"","description_enable":false,"description":"","placeholder_enable":false,"placeholder":"","display":"select","restrictions_type":"any_text","adjust_price":false,"price":"","price_type":"flat_fee","restrictions":false,"min":"0","max":"0","options":[{"label":"Non","price":"","price_type":"flat_fee","image":0,"visibility":true},{"label":"Oui","price":"7.333333","price_type":"quantity_based","image":0,"visibility":true}],"id":1714477563}],"acf":[],"tiered_pricing_type":"fixed","tiered_pricing_fixed_rules":[],"tiered_pricing_product_settings":{"layout":"default","base_unit_name":{"singular":null,"plural":null},"default_variation":null},"tiered_pricing_minimum_quantity":null,"tiered_pricing_roles_data":[],"tiered_pricing_percentage_rules":[],"tiered_pricing_maximum_quantity":null,"tiered_pricing_quantity_step":null,"_links":{"self":[{"href":"https:\/\/arbc.co.uk\/fr\/wp-json\/wp\/v2\/product\/11682","targetHints":{"allow":["GET"]}}],"collection":[{"href":"https:\/\/arbc.co.uk\/fr\/wp-json\/wp\/v2\/product"}],"about":[{"href":"https:\/\/arbc.co.uk\/fr\/wp-json\/wp\/v2\/types\/product"}],"wp:featuredmedia":[{"embeddable":true,"href":"https:\/\/arbc.co.uk\/fr\/wp-json\/wp\/v2\/media\/10100"}],"wp:attachment":[{"href":"https:\/\/arbc.co.uk\/fr\/wp-json\/wp\/v2\/media?parent=11682"}],"wp:term":[{"taxonomy":"product_brand","embeddable":true,"href":"https:\/\/arbc.co.uk\/fr\/wp-json\/wp\/v2\/product_brand?post=11682"},{"taxonomy":"product_cat","embeddable":true,"href":"https:\/\/arbc.co.uk\/fr\/wp-json\/wp\/v2\/product_cat?post=11682"},{"taxonomy":"product_tag","embeddable":true,"href":"https:\/\/arbc.co.uk\/fr\/wp-json\/wp\/v2\/product_tag?post=11682"}],"curies":[{"name":"wp","href":"https:\/\/api.w.org\/{rel}","templated":true}]}}