{"id":11702,"date":"2021-02-04T13:45:42","date_gmt":"2021-02-04T13:45:42","guid":{"rendered":"https:\/\/arbc.co.uk\/product\/kit-banc-dossier-fonte\/"},"modified":"2026-03-23T09:44:40","modified_gmt":"2026-03-23T09:44:40","slug":"kit-banc-dossier-fonte","status":"publish","type":"product","link":"https:\/\/arbc.co.uk\/fr\/product\/kit-banc-dossier-fonte\/","title":{"rendered":"Kit de Banc \u00e0 Dossier en Fonte"},"content":{"rendered":"<h3>Le kit complet contient :<\/h3>\n<ul>\n<li><a href=\"https:\/\/arbc.co.uk\/wp-content\/uploads\/assembly_guides\/ARBC_Bench_Assembly_Guide-fr.pdf\" target=\"_blank\" rel=\"noopener\">Un guide d&rsquo;assemblage<\/a><\/li>\n<li>9 lattes en bois dur<\/li>\n<li>1 barre de renfort centrale, plate et non perc\u00e9e*<\/li>\n<li>Jeu de 16 boulons, \u00e9crous et rondelles<\/li>\n<li>Jeu de 28 vis<\/li>\n<\/ul>\n<p class=\"notice\">REMARQUE : les pieds de banc <strong>ne sont pas<\/strong> incluses.<\/p>\n<p class=\"fyi\">Si vous n&rsquo;avez pas besoin des lattes, vous pouvez acheter les <a href=\"https:\/\/arbc.co.uk\/fr\/product\/accessoires-bancs\/\">accessoires<\/a> s\u00e9par\u00e9ment.<\/p>\n<p><em>* Afin de s&rsquo;adapter aux diff\u00e9rents types de bancs, la barre de renfort centrale est fournie \u00e0 plat et non perc\u00e9e et doit \u00eatre pli\u00e9e \u00e0 la forme de votre article.<\/em><\/p>\n<h3>\u00c0 propos des lattes<\/h3>\n<p>Notre kit de banc \u00e0 dossier en fonte comprend <strong>9 lattes en bois dur<\/strong> (Iroko). Cinq d&rsquo;entre elles sont destin\u00e9es au si\u00e8ge et sont livr\u00e9es perc\u00e9es de trous centr\u00e9s et d\u00e9cal\u00e9s de <strong>18 mm<\/strong> par rapport \u00e0 l&rsquo;extr\u00e9mit\u00e9 de la latte. Ces lattes mesurent <strong>1,2 m<\/strong> de long x <strong>60 mm<\/strong> x <strong>21 mm<\/strong>.<\/p>\n<p>Les quatre autres font le cadre autour du dossier en fonte et sont fournies non perc\u00e9es car les trous peuvent ne pas \u00eatre au centre de la latte. Deux d&rsquo;entre elles mesurent <strong>1,2 m<\/strong> de long x <strong>60 mm<\/strong> x <strong>21 mm<\/strong> et ont un bord long carr\u00e9. Les deux autres mesurent <strong>300 mm<\/strong> de long x <strong>50 mm<\/strong> x <strong>21 mm<\/strong> et ont des bords carr\u00e9s pour \u00eatre coup\u00e9s comme des montants courts.<\/p>\n","protected":false},"excerpt":{"rendered":"<p>Le <strong>kit de banc \u00e0 dossier en fonte<\/strong> est livr\u00e9 avec <strong>5 lattes en bois dur<\/strong> (<a class=\"jump-to\" href=\"#collapse116865\">Iroko<\/a>) de la m\u00eame taille, qui font la partie assise. Deux lattes longues et deux courtes font le cadre qui va autour du dossier en fonte.<\/p>\n","protected":false},"featured_media":10111,"template":"","meta":{"_acf_changed":false},"product_brand":[],"product_cat":[47],"product_tag":[],"class_list":{"0":"post-11702","1":"product","2":"type-product","3":"status-publish","4":"has-post-thumbnail","6":"product_cat-kits-banc","8":"first","9":"instock","10":"taxable","11":"shipping-taxable","12":"purchasable","13":"product-type-simple"},"exclude_global_add_ons":false,"addons":[{"name":"Options des lattes","type":"heading","position":0,"required":false,"title_format":"label","default":"","description_enable":false,"description":"","placeholder_enable":false,"placeholder":"","display":"select","restrictions_type":"any_text","adjust_price":false,"price":"","price_type":"flat_fee","restrictions":false,"min":"0","max":"0","options":[],"id":1714477286},{"name":"Longueur des Lattes","type":"multiple_choice","position":1,"required":true,"title_format":"label","default":"","description_enable":false,"description":"","placeholder_enable":false,"placeholder":"","display":"radiobutton","restrictions_type":"any_text","adjust_price":false,"price":"","price_type":"flat_fee","restrictions":false,"min":"0","max":"0","options":[{"label":"1200mm","price":"","price_type":"flat_fee","image":0,"visibility":true},{"label":"1220mm","price":"17.5","price_type":"quantity_based","image":0,"visibility":true}],"id":1714477287},{"name":"Utiliser les lattes de deuxi\u00e8me choix ?","type":"multiple_choice","position":2,"required":true,"title_format":"label","default":"","description_enable":true,"description":"<a href=\"\/fr\/categorie-produit\/kits-banc\/#collapse1168618\" target=\"_blank\">Qu'est-ce qu'une latte de deuxi\u00e8me choix ?<\/a>","placeholder_enable":false,"placeholder":"","display":"radiobutton","restrictions_type":"any_text","adjust_price":false,"price":"","price_type":"flat_fee","restrictions":false,"min":"0","max":"0","options":[{"label":"Non","price":"","price_type":"flat_fee","image":0,"visibility":true},{"label":"Oui","price":"-15","price_type":"quantity_based","image":0,"visibility":true}],"id":1714477288},{"name":"Lattes pr\u00e9-perc\u00e9es ?","type":"multiple_choice","position":3,"required":true,"title_format":"label","default":"","description_enable":false,"description":"","placeholder_enable":false,"placeholder":"","display":"radiobutton","restrictions_type":"any_text","adjust_price":false,"price":"","price_type":"flat_fee","restrictions":false,"min":"0","max":"0","options":[{"label":"Oui","price":"","price_type":"flat_fee","image":0,"visibility":true},{"label":"Non","price":"","price_type":"flat_fee","image":0,"visibility":true}],"id":1714477289},{"name":"Traitement","type":"multiple_choice","position":4,"required":true,"title_format":"label","default":"","description_enable":false,"description":"","placeholder_enable":false,"placeholder":"","display":"radiobutton","restrictions_type":"any_text","adjust_price":false,"price":"","price_type":"flat_fee","restrictions":false,"min":"0","max":"0","options":[{"label":"Non trait\u00e9es","price":"","price_type":"flat_fee","image":0,"visibility":true},{"label":"Huile de teck","price":"10","price_type":"quantity_based","image":0,"visibility":true}],"id":1714477290},{"name":"Contenu du kit","type":"heading","position":5,"required":false,"title_format":"label","default":"","description_enable":false,"description":"","placeholder_enable":false,"placeholder":"","display":"select","restrictions_type":"any_text","adjust_price":false,"price":"","price_type":"flat_fee","restrictions":false,"min":"0","max":"0","options":[],"id":1714477291},{"name":"Inclure la barre de renfort centrale ?","type":"multiple_choice","position":6,"required":true,"title_format":"label","default":"","description_enable":false,"description":"","placeholder_enable":false,"placeholder":"","display":"select","restrictions_type":"any_text","adjust_price":false,"price":"","price_type":"flat_fee","restrictions":false,"min":"0","max":"0","options":[{"label":"Non","price":"","price_type":"flat_fee","image":0,"visibility":true},{"label":"Oui","price":"6.333333","price_type":"quantity_based","image":0,"visibility":true}],"id":1714477292},{"name":"Inclure la visserie ?","type":"multiple_choice","position":7,"required":true,"title_format":"label","default":"","description_enable":false,"description":"","placeholder_enable":false,"placeholder":"","display":"select","restrictions_type":"any_text","adjust_price":false,"price":"","price_type":"flat_fee","restrictions":false,"min":"0","max":"0","options":[{"label":"Non","price":"","price_type":"flat_fee","image":0,"visibility":true},{"label":"Oui","price":"7.333333","price_type":"quantity_based","image":0,"visibility":true}],"id":1714477293},{"name":"Inclure les tirants de renforts lat\u00e9raux ?","type":"multiple_choice","position":8,"required":true,"title_format":"label","default":"","description_enable":true,"description":"(nous ne fournissions pas de tiges)","placeholder_enable":false,"placeholder":"","display":"select","restrictions_type":"any_text","adjust_price":false,"price":"","price_type":"flat_fee","restrictions":false,"min":"0","max":"0","options":[{"label":"Non","price":"","price_type":"flat_fee","image":0,"visibility":true},{"label":"Oui","price":"15.5","price_type":"quantity_based","image":0,"visibility":true}],"id":1714477294}],"acf":[],"tiered_pricing_type":"fixed","tiered_pricing_fixed_rules":[],"tiered_pricing_product_settings":{"layout":"default","base_unit_name":{"singular":null,"plural":null},"default_variation":null},"tiered_pricing_minimum_quantity":null,"tiered_pricing_roles_data":[],"tiered_pricing_percentage_rules":[],"tiered_pricing_maximum_quantity":null,"tiered_pricing_quantity_step":null,"_links":{"self":[{"href":"https:\/\/arbc.co.uk\/fr\/wp-json\/wp\/v2\/product\/11702","targetHints":{"allow":["GET"]}}],"collection":[{"href":"https:\/\/arbc.co.uk\/fr\/wp-json\/wp\/v2\/product"}],"about":[{"href":"https:\/\/arbc.co.uk\/fr\/wp-json\/wp\/v2\/types\/product"}],"wp:featuredmedia":[{"embeddable":true,"href":"https:\/\/arbc.co.uk\/fr\/wp-json\/wp\/v2\/media\/10111"}],"wp:attachment":[{"href":"https:\/\/arbc.co.uk\/fr\/wp-json\/wp\/v2\/media?parent=11702"}],"wp:term":[{"taxonomy":"product_brand","embeddable":true,"href":"https:\/\/arbc.co.uk\/fr\/wp-json\/wp\/v2\/product_brand?post=11702"},{"taxonomy":"product_cat","embeddable":true,"href":"https:\/\/arbc.co.uk\/fr\/wp-json\/wp\/v2\/product_cat?post=11702"},{"taxonomy":"product_tag","embeddable":true,"href":"https:\/\/arbc.co.uk\/fr\/wp-json\/wp\/v2\/product_tag?post=11702"}],"curies":[{"name":"wp","href":"https:\/\/api.w.org\/{rel}","templated":true}]}}