{"id":11704,"date":"2021-02-05T11:18:34","date_gmt":"2021-02-05T11:18:34","guid":{"rendered":"https:\/\/arbc.co.uk\/product\/standard-chair-kit\/"},"modified":"2026-03-23T09:43:48","modified_gmt":"2026-03-23T09:43:48","slug":"kit-chaise-standard","status":"publish","type":"product","link":"https:\/\/arbc.co.uk\/fr\/product\/kit-chaise-standard\/","title":{"rendered":"Kit de Chaise Standard"},"content":{"rendered":"<h3>Le kit complet contient:<\/h3>\n<ul>\n<li>12 lattes en bois dur<\/li>\n<li>Jeu de 26 boulons, \u00e9crous et rondelles<\/li>\n<\/ul>\n<p class=\"notice\">REMARQUE : les pieds <strong>ne sont pas<\/strong> incluses.<\/p>\n<p class=\"fyi\">Si vous n&rsquo;avez pas besoin des lattes, vous pouvez acheter les <a href=\"https:\/\/arbc.co.uk\/fr\/product\/accessoires-chaises\/\">accessoires<\/a> s\u00e9par\u00e9ment.<\/p>\n<h3>\u00c0 propos des lattes<\/h3>\n<p>Notre kit chaise comprend <strong>12 lattes en bois dur <\/strong>(Iroko). Vous pouvez choisir entre plusieurs rapports de taille larges et \u00e9troites. Elles sont pr\u00e9-perc\u00e9es et arrondies sur les bords longs.<\/p>\n<p>Les lattes larges mesurent <strong>560 mm<\/strong> de long x <strong>55 mm<\/strong> x <strong>20 mm<\/strong> et les lattes \u00e9troites mesurent <strong>560 mm<\/strong> de long x <strong>35 mm<\/strong> x <strong>20 mm<\/strong>. Veuillez v\u00e9rifier l&rsquo;entraxe des trous sur les pieds votre ancienne chaise afin de d\u00e9terminer celles dont vous avez besoin. Quelques-uns des rapports de taille les plus courants :<\/p>\n<ul>\n<li>8 larges x 4 \u00e9troites<\/li>\n<li>9 larges x 3 \u00e9troites<\/li>\n<li>10 larges x 2 \u00e9troites<\/li>\n<\/ul>\n","protected":false},"excerpt":{"rendered":"<p>Nos kits de restauration de chaises sont vendus avec des <strong>lattes en bois dur<\/strong> (<a class=\"jump-to\" href=\"#collapse116955\">Iroko<\/a>) dans de diff\u00e9rents rapports de taille. Ces rapports sont con\u00e7us pour s&rsquo;adapter \u00e0 la grande majorit\u00e9 des pieds de chaises de jardin. Sinon, nous pouvons vous fabriquer un kit personnalis\u00e9.<\/p>\n","protected":false},"featured_media":10101,"template":"","meta":{"_acf_changed":false},"product_brand":[],"product_cat":[48],"product_tag":[],"class_list":{"0":"post-11704","1":"product","2":"type-product","3":"status-publish","4":"has-post-thumbnail","6":"product_cat-kits-chaise","7":"product_shipping_class-kit-short","9":"first","10":"instock","11":"taxable","12":"shipping-taxable","13":"purchasable","14":"product-type-simple"},"exclude_global_add_ons":false,"addons":[{"name":"Options des lattes","type":"heading","position":0,"required":false,"title_format":"label","default":"","description_enable":false,"description":"","placeholder_enable":false,"placeholder":"","display":"select","restrictions_type":"any_text","adjust_price":false,"price":"","price_type":"flat_fee","restrictions":false,"min":"0","max":"0","options":[],"id":1714477636},{"name":"Rapport de taille des lattes","type":"multiple_choice","position":1,"required":true,"title_format":"label","default":"","description_enable":false,"description":"","placeholder_enable":false,"placeholder":"","display":"select","restrictions_type":"any_text","adjust_price":false,"price":"","price_type":"flat_fee","restrictions":false,"min":"0","max":"0","options":[{"label":"8 larges, 4 \u00e9troites","price":"","price_type":"flat_fee","image":0,"visibility":true},{"label":"9 larges, 3 \u00e9troites","price":"","price_type":"flat_fee","image":0,"visibility":true},{"label":"10 larges, 2 \u00e9troites","price":"","price_type":"flat_fee","image":0,"visibility":true}],"id":1714477637},{"name":"Lattes pr\u00e9-perc\u00e9es ?","type":"multiple_choice","position":2,"required":true,"title_format":"label","default":"","description_enable":false,"description":"","placeholder_enable":false,"placeholder":"","display":"radiobutton","restrictions_type":"any_text","adjust_price":false,"price":"","price_type":"flat_fee","restrictions":false,"min":"0","max":"0","options":[{"label":"Oui","price":"","price_type":"flat_fee","image":0,"visibility":true},{"label":"Non","price":"","price_type":"flat_fee","image":0,"visibility":true}],"id":1714477638},{"name":"Traitement","type":"multiple_choice","position":3,"required":true,"title_format":"label","default":"","description_enable":false,"description":"","placeholder_enable":false,"placeholder":"","display":"radiobutton","restrictions_type":"any_text","adjust_price":false,"price":"","price_type":"flat_fee","restrictions":false,"min":"0","max":"0","options":[{"label":"Non trait\u00e9es","price":"","price_type":"flat_fee","image":0,"visibility":true},{"label":"Huile de teck","price":"5","price_type":"quantity_based","image":0,"visibility":true}],"id":1714477639},{"name":"Contenu du kit","type":"heading","position":4,"required":false,"title_format":"label","default":"","description_enable":false,"description":"","placeholder_enable":false,"placeholder":"","display":"select","restrictions_type":"any_text","adjust_price":false,"price":"","price_type":"flat_fee","restrictions":false,"min":"0","max":"0","options":[],"id":1714477640},{"name":"Inclure la visserie ?","type":"multiple_choice","position":5,"required":true,"title_format":"label","default":"","description_enable":false,"description":"","placeholder_enable":false,"placeholder":"","display":"select","restrictions_type":"any_text","adjust_price":false,"price":"","price_type":"flat_fee","restrictions":false,"min":"0","max":"0","options":[{"label":"Non","price":"","price_type":"flat_fee","image":0,"visibility":true},{"label":"Oui","price":"6.833333","price_type":"quantity_based","image":0,"visibility":true}],"id":1714477641}],"acf":[],"tiered_pricing_type":"fixed","tiered_pricing_fixed_rules":[],"tiered_pricing_product_settings":{"layout":"default","base_unit_name":{"singular":null,"plural":null},"default_variation":null},"tiered_pricing_minimum_quantity":null,"tiered_pricing_roles_data":[],"tiered_pricing_percentage_rules":[],"tiered_pricing_maximum_quantity":null,"tiered_pricing_quantity_step":null,"_links":{"self":[{"href":"https:\/\/arbc.co.uk\/fr\/wp-json\/wp\/v2\/product\/11704","targetHints":{"allow":["GET"]}}],"collection":[{"href":"https:\/\/arbc.co.uk\/fr\/wp-json\/wp\/v2\/product"}],"about":[{"href":"https:\/\/arbc.co.uk\/fr\/wp-json\/wp\/v2\/types\/product"}],"wp:featuredmedia":[{"embeddable":true,"href":"https:\/\/arbc.co.uk\/fr\/wp-json\/wp\/v2\/media\/10101"}],"wp:attachment":[{"href":"https:\/\/arbc.co.uk\/fr\/wp-json\/wp\/v2\/media?parent=11704"}],"wp:term":[{"taxonomy":"product_brand","embeddable":true,"href":"https:\/\/arbc.co.uk\/fr\/wp-json\/wp\/v2\/product_brand?post=11704"},{"taxonomy":"product_cat","embeddable":true,"href":"https:\/\/arbc.co.uk\/fr\/wp-json\/wp\/v2\/product_cat?post=11704"},{"taxonomy":"product_tag","embeddable":true,"href":"https:\/\/arbc.co.uk\/fr\/wp-json\/wp\/v2\/product_tag?post=11704"}],"curies":[{"name":"wp","href":"https:\/\/api.w.org\/{rel}","templated":true}]}}