{"id":11746,"date":"2021-02-05T11:20:38","date_gmt":"2021-02-05T11:20:38","guid":{"rendered":"https:\/\/arbc.co.uk\/product\/standard-table-kit\/"},"modified":"2026-03-23T09:43:07","modified_gmt":"2026-03-23T09:43:07","slug":"kit-de-table-standard","status":"publish","type":"product","link":"https:\/\/arbc.co.uk\/fr\/product\/kit-de-table-standard\/","title":{"rendered":"Kit de Table Standard"},"content":{"rendered":"<h3>Le kit complet contient:<\/h3>\n<ul>\n<li><a href=\"\/wp-content\/uploads\/assembly_guides\/diy_table_guide-fr.pdf\" target=\"_blank\" rel=\"noopener\">Un guide d&rsquo;assemblage<\/a><\/li>\n<li>10 lattes en bois dur<\/li>\n<li>2 barres de renfort transversales, pr\u00e9-perc\u00e9es et non peintes<\/li>\n<li>2 tirants de renforts lat\u00e9raux, pr\u00e9-perc\u00e9s et non peints<\/li>\n<li>Jeu de 24 boulons, \u00e9crous et rondelles<\/li>\n<li>Jeu de 24 vis<\/li>\n<\/ul>\n<p class=\"notice\">REMARQUE : les pieds de table <strong>ne sont pas<\/strong> incluses.<\/p>\n<p class=\"fyi\">Si vous n&rsquo;avez pas besoin des lattes, vous pouvez acheter les <a href=\"https:\/\/arbc.co.uk\/fr\/product\/accessoires-tables\/\">accessoires<\/a> s\u00e9par\u00e9ment.<\/p>\n<h3>\u00c0 propos des lattes<\/h3>\n<p>Notre kit standard comprend <strong>10 lattes en bois dur<\/strong> (Iroko). Les lattes sont pr\u00e9-perc\u00e9es et arrondies sur les bords longs. Elles font <b>1.35m <\/b>de long x <b>60mm<\/b> x <b>21mm<\/b>.<\/p>\n","protected":false},"excerpt":{"rendered":"<p>Restaurez votre vieille table de jardin avec l&rsquo;un de nos kits de table. Le kit contient <strong>10 lattes en bois dur<\/strong> (<a class=\"jump-to\" href=\"#collapse116903\">Iroko<\/a>), ainsi que tous les renforts et visserie n\u00e9cessaires. Si notre kit de table standard ne vous convient pas, commandez un kit personnalis\u00e9.<\/p>\n","protected":false},"featured_media":10189,"template":"","meta":{"_acf_changed":false},"product_brand":[],"product_cat":[50],"product_tag":[],"class_list":{"0":"post-11746","1":"product","2":"type-product","3":"status-publish","4":"has-post-thumbnail","6":"product_cat-kits-table","8":"first","9":"instock","10":"taxable","11":"shipping-taxable","12":"purchasable","13":"product-type-simple"},"exclude_global_add_ons":false,"addons":[{"name":"Options des lattes","type":"heading","position":0,"required":false,"title_format":"label","default":"","description_enable":false,"description":"","placeholder_enable":false,"placeholder":"","display":"select","restrictions_type":"any_text","adjust_price":false,"price":"","price_type":"flat_fee","restrictions":false,"min":"0","max":"0","options":[],"id":1714477772},{"name":"Utiliser les lattes de deuxi\u00e8me choix ?","type":"multiple_choice","position":1,"required":true,"title_format":"label","default":"","description_enable":true,"description":"<a href=\"\/fr\/categorie-produit\/kits-banc\/#collapse1168618\" target=\"_blank\">Qu'est-ce qu'une latte de deuxi\u00e8me choix ?<\/a>","placeholder_enable":false,"placeholder":"","display":"radiobutton","restrictions_type":"any_text","adjust_price":false,"price":"","price_type":"flat_fee","restrictions":false,"min":"0","max":"0","options":[{"label":"Non","price":"","price_type":"flat_fee","image":0,"visibility":true},{"label":"Oui","price":"-16.66667","price_type":"quantity_based","image":0,"visibility":true}],"id":1714477773},{"name":"Lattes pr\u00e9-perc\u00e9es ?","type":"multiple_choice","position":2,"required":true,"title_format":"label","default":"","description_enable":false,"description":"","placeholder_enable":false,"placeholder":"","display":"radiobutton","restrictions_type":"any_text","adjust_price":false,"price":"","price_type":"flat_fee","restrictions":false,"min":"0","max":"0","options":[{"label":"Oui","price":"","price_type":"flat_fee","image":0,"visibility":true},{"label":"Non","price":"","price_type":"flat_fee","image":0,"visibility":true}],"id":1714477774},{"name":"Traitement","type":"multiple_choice","position":3,"required":true,"title_format":"label","default":"","description_enable":false,"description":"","placeholder_enable":false,"placeholder":"","display":"radiobutton","restrictions_type":"any_text","adjust_price":false,"price":"","price_type":"flat_fee","restrictions":false,"min":"0","max":"0","options":[{"label":"Non trait\u00e9es","price":"","price_type":"flat_fee","image":0,"visibility":true},{"label":"Huile de teck","price":"10","price_type":"quantity_based","image":0,"visibility":true}],"id":1714477775},{"name":"Contenu du kit","type":"heading","position":4,"required":false,"title_format":"label","default":"","description_enable":false,"description":"","placeholder_enable":false,"placeholder":"","display":"select","restrictions_type":"any_text","adjust_price":false,"price":"","price_type":"flat_fee","restrictions":false,"min":"0","max":"0","options":[],"id":1714477776},{"name":"Inclure les barres de renfort transversales ?","type":"multiple_choice","position":5,"required":true,"title_format":"label","default":"","description_enable":false,"description":"","placeholder_enable":false,"placeholder":"","display":"select","restrictions_type":"any_text","adjust_price":false,"price":"","price_type":"flat_fee","restrictions":false,"min":"0","max":"0","options":[{"label":"Non","price":"","price_type":"flat_fee","image":0,"visibility":true},{"label":"Oui","price":"15.666667","price_type":"quantity_based","image":0,"visibility":true}],"id":1714477777},{"name":"Inclure les tirants de renforts lat\u00e9raux ?","type":"multiple_choice","position":6,"required":true,"title_format":"label","default":"","description_enable":true,"description":"(nous ne fournissions pas de tiges)","placeholder_enable":false,"placeholder":"","display":"select","restrictions_type":"any_text","adjust_price":false,"price":"","price_type":"flat_fee","restrictions":false,"min":"0","max":"0","options":[{"label":"Non","price":"","price_type":"flat_fee","image":0,"visibility":true},{"label":"Oui","price":"19.833333","price_type":"quantity_based","image":0,"visibility":true}],"id":1714477778},{"name":"Inclure la visserie ?","type":"multiple_choice","position":7,"required":true,"title_format":"label","default":"","description_enable":false,"description":"","placeholder_enable":false,"placeholder":"","display":"select","restrictions_type":"any_text","adjust_price":false,"price":"","price_type":"flat_fee","restrictions":false,"min":"0","max":"0","options":[{"label":"Non","price":"","price_type":"flat_fee","image":0,"visibility":true},{"label":"Oui","price":"7.333333","price_type":"quantity_based","image":0,"visibility":true}],"id":1714477779}],"acf":[],"tiered_pricing_type":"fixed","tiered_pricing_fixed_rules":[],"tiered_pricing_product_settings":{"layout":"default","base_unit_name":{"singular":null,"plural":null},"default_variation":null},"tiered_pricing_minimum_quantity":null,"tiered_pricing_roles_data":[],"tiered_pricing_percentage_rules":[],"tiered_pricing_maximum_quantity":null,"tiered_pricing_quantity_step":null,"_links":{"self":[{"href":"https:\/\/arbc.co.uk\/fr\/wp-json\/wp\/v2\/product\/11746","targetHints":{"allow":["GET"]}}],"collection":[{"href":"https:\/\/arbc.co.uk\/fr\/wp-json\/wp\/v2\/product"}],"about":[{"href":"https:\/\/arbc.co.uk\/fr\/wp-json\/wp\/v2\/types\/product"}],"wp:featuredmedia":[{"embeddable":true,"href":"https:\/\/arbc.co.uk\/fr\/wp-json\/wp\/v2\/media\/10189"}],"wp:attachment":[{"href":"https:\/\/arbc.co.uk\/fr\/wp-json\/wp\/v2\/media?parent=11746"}],"wp:term":[{"taxonomy":"product_brand","embeddable":true,"href":"https:\/\/arbc.co.uk\/fr\/wp-json\/wp\/v2\/product_brand?post=11746"},{"taxonomy":"product_cat","embeddable":true,"href":"https:\/\/arbc.co.uk\/fr\/wp-json\/wp\/v2\/product_cat?post=11746"},{"taxonomy":"product_tag","embeddable":true,"href":"https:\/\/arbc.co.uk\/fr\/wp-json\/wp\/v2\/product_tag?post=11746"}],"curies":[{"name":"wp","href":"https:\/\/api.w.org\/{rel}","templated":true}]}}