{"id":11749,"date":"2021-02-24T14:12:22","date_gmt":"2021-02-24T14:12:22","guid":{"rendered":"https:\/\/arbc.co.uk\/product\/custom-restoration-kit\/"},"modified":"2024-10-02T11:28:31","modified_gmt":"2024-10-02T10:28:31","slug":"kit-restauration-personnalise","status":"publish","type":"product","link":"https:\/\/arbc.co.uk\/fr\/product\/kit-restauration-personnalise\/","title":{"rendered":"Kit de Restauration Personnalis\u00e9"},"content":{"rendered":"<p>Vous pensez que le kit standard ne r\u00e9pond pas \u00e0 vos besoins ? Nous pouvons cr\u00e9er des lattes de toute dimension pour r\u00e9pondre \u00e0 toutes les exigences. Utilisez notre formulaire de commande personnalis\u00e9e pour nous indiquer exactement ce dont vous avez besoin.<\/p>\n<p>Vous pouvez t\u00e9l\u00e9verser jusqu&rsquo;\u00e0 3 images de votre article et fournir toute autre information pertinente dans le champ \u00ab Autres informations \u00bb ci-dessous.<\/p>\n","protected":false},"excerpt":{"rendered":"<p>Si nos kits standards ne r\u00e9pondent pas \u00e0 vos besoins, nous pouvons fournir des lattes en plusieurs tailles diff\u00e9rentes pour r\u00e9pondre \u00e0 toute exigence. Utilisez notre formulaire de commande personnalis\u00e9e pour nous faire part de vos besoins particuli\u00e8res.<\/p>\n","protected":false},"featured_media":10123,"template":"","meta":{"_acf_changed":false},"product_brand":[],"product_cat":[49,47,48,50],"product_tag":[],"class_list":{"0":"post-11749","1":"product","2":"type-product","3":"status-publish","4":"has-post-thumbnail","6":"product_cat-kit-personnalise","7":"product_cat-kits-banc","8":"product_cat-kits-chaise","9":"product_cat-kits-table","11":"first","12":"instock","13":"taxable","14":"shipping-taxable","15":"purchasable","16":"product-type-simple"},"exclude_global_add_ons":false,"addons":[{"name":"Options des lattes","type":"heading","position":0,"required":false,"title_format":"label","default":"","description_enable":false,"description":"","placeholder_enable":false,"placeholder":"","display":"select","restrictions_type":"any_text","adjust_price":false,"price":"","price_type":"flat_fee","restrictions":false,"min":"0","max":"0","options":[],"id":1714475131},{"name":"Les lattes sont pour :","type":"multiple_choice","position":1,"required":true,"title_format":"label","default":"","description_enable":true,"description":"S\u00e9lectionnez le type et mod\u00e8le de kit. Si les lattes ne sont pas pour un kit standard, s\u00e9lectionnez \"autre\" et d\u00e9crivez-les dans le champ Autres Informations ci-dessous. Si vous n'avez pas besoin de lattes, vous pouvez <a href=\"\/fr\/categorie-produit\/accessoires\/\">commander des accessoires<\/a> s\u00e9par\u00e9ment.","placeholder_enable":false,"placeholder":"","display":"select","restrictions_type":"any_text","adjust_price":false,"price":"","price_type":"flat_fee","restrictions":false,"min":"0","max":"0","options":[{"label":"Banc","price":"","price_type":"flat_fee","image":0,"visibility":true},{"label":"Chaise","price":"","price_type":"flat_fee","image":0,"visibility":true},{"label":"Table","price":"","price_type":"flat_fee","image":0,"visibility":true},{"label":"Autre","price":"","price_type":"flat_fee","image":0,"visibility":true}],"id":1714475132},{"name":"Type de banc","type":"multiple_choice","position":2,"required":true,"title_format":"label","default":"","description_enable":true,"description":"Voir <a href=\"\/fr\/categorie-produit\/kits-banc\/\" target=\"_blank\">kits banc<\/a> pour des infos sur les diff\u00e9rents types.","placeholder_enable":false,"placeholder":"","display":"select","restrictions_type":"any_text","adjust_price":false,"price":"","price_type":"flat_fee","restrictions":false,"min":"0","max":"0","options":[{"label":"Standard","price":"","price_type":"flat_fee","image":0,"visibility":true},{"label":"Visserie aux Extr\u00e9mit\u00e9s","price":"","price_type":"flat_fee","image":0,"visibility":true},{"label":"Dossier en Fonte","price":"","price_type":"flat_fee","image":0,"visibility":true},{"label":"Huit Lattes","price":"","price_type":"flat_fee","image":0,"visibility":true}],"id":1714475133},{"name":"Type de chaise","type":"multiple_choice","position":3,"required":true,"title_format":"label","default":"","description_enable":true,"description":"Voir <a href=\"\/fr\/categorie-produit\/kits-banc\/\" target=\"_blank\">kits banc<\/a> pour des infos sur les diff\u00e9rents types.","placeholder_enable":false,"placeholder":"","display":"select","restrictions_type":"any_text","adjust_price":false,"price":"","price_type":"flat_fee","restrictions":false,"min":"0","max":"0","options":[{"label":"Standard","price":"","price_type":"flat_fee","image":0,"visibility":true},{"label":"Visserie aux Extr\u00e9mit\u00e9s","price":"","price_type":"flat_fee","image":0,"visibility":true},{"label":"Dossier en Fonte","price":"","price_type":"flat_fee","image":0,"visibility":true},{"label":"Huit Lattes","price":"","price_type":"flat_fee","image":0,"visibility":true},{"label":"Chaise \u00e0 bascule","price":"","price_type":"flat_fee","image":0,"visibility":true}],"id":1714475134},{"name":"Type de table","type":"multiple_choice","position":4,"required":true,"title_format":"label","default":"","description_enable":false,"description":"","placeholder_enable":false,"placeholder":"","display":"select","restrictions_type":"any_text","adjust_price":false,"price":"","price_type":"flat_fee","restrictions":false,"min":"0","max":"0","options":[{"label":"Standard","price":"","price_type":"flat_fee","image":0,"visibility":true},{"label":"Centre en fonte","price":"","price_type":"flat_fee","image":0,"visibility":true}],"id":1714475135},{"name":"Traitement","type":"multiple_choice","position":5,"required":true,"title_format":"label","default":"","description_enable":false,"description":"","placeholder_enable":false,"placeholder":"","display":"radiobutton","restrictions_type":"any_text","adjust_price":false,"price":"","price_type":"flat_fee","restrictions":false,"min":"0","max":"0","options":[{"label":"Non trait\u00e9","price":"","price_type":"flat_fee","image":0,"visibility":true},{"label":"Huile de teck","price":"","price_type":"flat_fee","image":0,"visibility":true}],"id":1714475136},{"name":"Lattes pr\u00e9-perc\u00e9es ?","type":"multiple_choice","position":6,"required":true,"title_format":"label","default":"","description_enable":true,"description":"S\u00e9lectionnez \u00ab\u00a0Oui\u00a0\u00bb pour un per\u00e7age standard de 18\u00a0mm du bord au centre du trou, ou s\u00e9lectionnez \u00ab\u00a0Autre\u00a0\u00bb pour un per\u00e7age personnalis\u00e9.","placeholder_enable":false,"placeholder":"","display":"radiobutton","restrictions_type":"any_text","adjust_price":false,"price":"","price_type":"flat_fee","restrictions":false,"min":"0","max":"0","options":[{"label":"Non","price":"","price_type":"flat_fee","image":0,"visibility":true},{"label":"Oui","price":"","price_type":"flat_fee","image":0,"visibility":true},{"label":"Autre","price":"","price_type":"flat_fee","image":0,"visibility":true}],"id":1714475137},{"name":"Autre d\u00e9calage","type":"custom_text","position":7,"required":false,"title_format":"hide","default":"","description_enable":false,"description":"","placeholder_enable":false,"placeholder":"","display":"select","restrictions_type":"only_numbers","adjust_price":false,"price":"","price_type":"flat_fee","restrictions":false,"min":"0","max":"0","options":[],"id":1714475138},{"name":"Contenu du kit","type":"heading","position":8,"required":false,"title_format":"label","default":"","description_enable":false,"description":"","placeholder_enable":false,"placeholder":"","display":"select","restrictions_type":"any_text","adjust_price":false,"price":"","price_type":"flat_fee","restrictions":false,"min":"0","max":"0","options":[],"id":1714475139},{"name":"Inclure la barre de renfort centrale ?","type":"multiple_choice","position":9,"required":true,"title_format":"label","default":"","description_enable":false,"description":"","placeholder_enable":false,"placeholder":"","display":"radiobutton","restrictions_type":"any_text","adjust_price":false,"price":"","price_type":"flat_fee","restrictions":false,"min":"0","max":"0","options":[{"label":"Non","price":"","price_type":"flat_fee","image":0,"visibility":true},{"label":"Oui","price":"","price_type":"flat_fee","image":0,"visibility":true}],"id":1714475140},{"name":"Inclure les tirants de renfort lat\u00e9raux ?","type":"multiple_choice","position":10,"required":true,"title_format":"label","default":"","description_enable":true,"description":"(Nous ne fournissions pas des tiges)","placeholder_enable":false,"placeholder":"","display":"radiobutton","restrictions_type":"any_text","adjust_price":false,"price":"","price_type":"flat_fee","restrictions":false,"min":"0","max":"0","options":[{"label":"Non","price":"","price_type":"flat_fee","image":0,"visibility":true},{"label":"Oui","price":"","price_type":"flat_fee","image":0,"visibility":true}],"id":1714475141},{"name":"Inclure la visserie ?","type":"multiple_choice","position":11,"required":true,"title_format":"label","default":"","description_enable":false,"description":"","placeholder_enable":false,"placeholder":"","display":"radiobutton","restrictions_type":"any_text","adjust_price":false,"price":"","price_type":"flat_fee","restrictions":false,"min":"0","max":"0","options":[{"label":"Non","price":"","price_type":"flat_fee","image":0,"visibility":true},{"label":"Oui","price":"","price_type":"flat_fee","image":0,"visibility":true}],"id":1714475142},{"name":"Sp\u00e9cifications personnalis\u00e9es","type":"heading","position":12,"required":false,"title_format":"label","default":"","description_enable":false,"description":"","placeholder_enable":false,"placeholder":"","display":"select","restrictions_type":"any_text","adjust_price":false,"price":"","price_type":"flat_fee","restrictions":false,"min":"0","max":"0","options":[],"id":1714475143}],"acf":[],"tiered_pricing_type":"fixed","tiered_pricing_fixed_rules":[],"tiered_pricing_product_settings":{"layout":"default","base_unit_name":{"singular":null,"plural":null},"default_variation":null},"tiered_pricing_minimum_quantity":null,"tiered_pricing_roles_data":[],"tiered_pricing_percentage_rules":[],"tiered_pricing_maximum_quantity":null,"tiered_pricing_quantity_step":null,"_links":{"self":[{"href":"https:\/\/arbc.co.uk\/fr\/wp-json\/wp\/v2\/product\/11749","targetHints":{"allow":["GET"]}}],"collection":[{"href":"https:\/\/arbc.co.uk\/fr\/wp-json\/wp\/v2\/product"}],"about":[{"href":"https:\/\/arbc.co.uk\/fr\/wp-json\/wp\/v2\/types\/product"}],"wp:featuredmedia":[{"embeddable":true,"href":"https:\/\/arbc.co.uk\/fr\/wp-json\/wp\/v2\/media\/10123"}],"wp:attachment":[{"href":"https:\/\/arbc.co.uk\/fr\/wp-json\/wp\/v2\/media?parent=11749"}],"wp:term":[{"taxonomy":"product_brand","embeddable":true,"href":"https:\/\/arbc.co.uk\/fr\/wp-json\/wp\/v2\/product_brand?post=11749"},{"taxonomy":"product_cat","embeddable":true,"href":"https:\/\/arbc.co.uk\/fr\/wp-json\/wp\/v2\/product_cat?post=11749"},{"taxonomy":"product_tag","embeddable":true,"href":"https:\/\/arbc.co.uk\/fr\/wp-json\/wp\/v2\/product_tag?post=11749"}],"curies":[{"name":"wp","href":"https:\/\/api.w.org\/{rel}","templated":true}]}}