{"id":11753,"date":"2021-03-17T15:17:07","date_gmt":"2021-03-17T15:17:07","guid":{"rendered":"https:\/\/arbc.co.uk\/product\/bench-accessories\/"},"modified":"2025-12-08T12:00:42","modified_gmt":"2025-12-08T12:00:42","slug":"accessoires-bancs","status":"publish","type":"product","link":"https:\/\/arbc.co.uk\/fr\/product\/accessoires-bancs\/","title":{"rendered":"Accessoires Pour Bancs"},"content":{"rendered":"<p>Veuillez s\u00e9lectionner le nombre d&rsquo;accessoires dont vous avez besoin.<\/p>\n<h3>Visserie :<\/h3>\n<p>Le contenu des jeux de visserie varie selon le type de banc.<\/p>\n<div><a href=\"https:\/\/arbc.co.uk\/fr\/product\/kit-banc-standard\/\">Standard<\/a>:<\/div>\n<ul>\n<li>26 boulons, \u00e9crous et rondelles BZP M6 x 40mm<\/li>\n<li>14 vis A2 x 20mm en acier inoxydable<\/li>\n<\/ul>\n<div><a href=\"https:\/\/arbc.co.uk\/fr\/product\/kit-banc-huit-lattes\/\">Huit Lattes <\/a>:<\/div>\n<ul>\n<li>20 boulons, \u00e9crous et rondelles BZP M6 x 40mm<\/li>\n<li>20 vis A2 x 20mm en acier inoxydable<\/li>\n<\/ul>\n<div><a href=\"https:\/\/arbc.co.uk\/fr\/product\/kit-banc-dossier-fonte\/\">Dossier en Fonte <\/a>:<\/div>\n<ul>\n<li>16 boulons, \u00e9crous et rondelles BZP M6 x 40mm<\/li>\n<li>28 vis A2 x 20mm en acier inoxydable<\/li>\n<\/ul>\n<div><a href=\"https:\/\/arbc.co.uk\/fr\/product\/kit-banc-visserie-extremites\/\">Banc Visserie aux Extr\u00e9mit\u00e9s <\/a>: (non vendu s\u00e9par\u00e9ment)<\/div>\n<h3>Barres de renforts \/ tirants lat\u00e9raux<\/h3>\n<p>Ce derniers sont fabriqu\u00e9s \u00e0 partir d&rsquo;une barre plate en acier doux et sont identiques pour tous les types de bancs. Ils comprennent toute la visserie n\u00e9cessaire.<\/p>\n<div class=\"accessories-heading\">Barre de renfort centrale :<\/div>\n<ul>\n<li>Plate, non peinte et non perc\u00e9e<\/li>\n<li>comprend 13 vis en acier inoxydable<\/li>\n<\/ul>\n<div class=\"accessories-heading\">Tirants de renfort lat\u00e9raux :<\/div>\n<ul>\n<li>jeu de 2, pr\u00e9-courb\u00e9s et perc\u00e9s<\/li>\n<li>comprend 3 \u00e9crous, boulons et rondelles BZP et 3 vis en acier inoxydable<\/li>\n<\/ul>\n","protected":false},"excerpt":{"rendered":"<p>Nous vendons s\u00e9par\u00e9ment les diff\u00e9rents jeux de visserie, les tirants et les barres centrales de renfort pour tous les principaux types de bancs.<\/p>\n","protected":false},"featured_media":10100,"template":"","meta":{"_acf_changed":false},"product_brand":[],"product_cat":[46],"product_tag":[],"class_list":{"0":"post-11753","1":"product","2":"type-product","3":"status-publish","4":"has-post-thumbnail","6":"product_cat-accessoires","8":"first","9":"instock","10":"sold-individually","11":"taxable","12":"shipping-taxable","13":"purchasable","14":"product-type-simple"},"exclude_global_add_ons":false,"addons":[{"name":"Visserie","type":"heading","position":0,"required":false,"title_format":"label","default":"","description_enable":true,"description":"S\u00e9lectionnez le nombre de jeux de visserie souhait\u00e9.e pour chaque type de kit ci-dessous.","placeholder_enable":false,"placeholder":"","display":"select","restrictions_type":"any_text","adjust_price":true,"price":"6.66667","price_type":"flat_fee","restrictions":false,"min":"0","max":"0","options":[],"id":1714476941},{"name":"Standard","type":"input_multiplier","position":1,"required":false,"title_format":"label","default":"","description_enable":false,"description":"","placeholder_enable":false,"placeholder":"","display":"select","restrictions_type":"any_text","adjust_price":true,"price":"8.583333","price_type":"flat_fee","restrictions":false,"min":"0","max":"0","options":[],"id":1714476942},{"name":"Huit Lattes","type":"input_multiplier","position":2,"required":false,"title_format":"label","default":"","description_enable":false,"description":"","placeholder_enable":false,"placeholder":"","display":"select","restrictions_type":"any_text","adjust_price":true,"price":"8.583333","price_type":"flat_fee","restrictions":false,"min":"0","max":"0","options":[],"id":1714476943},{"name":"Dossier en Fonte","type":"input_multiplier","position":3,"required":false,"title_format":"label","default":"","description_enable":false,"description":"","placeholder_enable":false,"placeholder":"","display":"select","restrictions_type":"any_text","adjust_price":true,"price":"8.583333","price_type":"flat_fee","restrictions":false,"min":"0","max":"0","options":[],"id":1714476944},{"name":"Barres de renfort centrales","type":"input_multiplier","position":4,"required":false,"title_format":"label","default":"","description_enable":false,"description":"","placeholder_enable":false,"placeholder":"","display":"select","restrictions_type":"any_text","adjust_price":true,"price":"8.041667","price_type":"flat_fee","restrictions":false,"min":"0","max":"0","options":[],"id":1714476945},{"name":"Tirants de renfort lat\u00e9raux","type":"input_multiplier","position":5,"required":false,"title_format":"label","default":"","description_enable":true,"description":"(jeu de 2)","placeholder_enable":false,"placeholder":"","display":"select","restrictions_type":"any_text","adjust_price":true,"price":"17","price_type":"flat_fee","restrictions":false,"min":"0","max":"0","options":[],"id":1714476946}],"acf":[],"tiered_pricing_type":"fixed","tiered_pricing_fixed_rules":[],"tiered_pricing_product_settings":{"layout":"default","base_unit_name":{"singular":null,"plural":null},"default_variation":null},"tiered_pricing_minimum_quantity":null,"tiered_pricing_roles_data":[],"tiered_pricing_percentage_rules":[],"tiered_pricing_maximum_quantity":null,"tiered_pricing_quantity_step":null,"_links":{"self":[{"href":"https:\/\/arbc.co.uk\/fr\/wp-json\/wp\/v2\/product\/11753","targetHints":{"allow":["GET"]}}],"collection":[{"href":"https:\/\/arbc.co.uk\/fr\/wp-json\/wp\/v2\/product"}],"about":[{"href":"https:\/\/arbc.co.uk\/fr\/wp-json\/wp\/v2\/types\/product"}],"wp:featuredmedia":[{"embeddable":true,"href":"https:\/\/arbc.co.uk\/fr\/wp-json\/wp\/v2\/media\/10100"}],"wp:attachment":[{"href":"https:\/\/arbc.co.uk\/fr\/wp-json\/wp\/v2\/media?parent=11753"}],"wp:term":[{"taxonomy":"product_brand","embeddable":true,"href":"https:\/\/arbc.co.uk\/fr\/wp-json\/wp\/v2\/product_brand?post=11753"},{"taxonomy":"product_cat","embeddable":true,"href":"https:\/\/arbc.co.uk\/fr\/wp-json\/wp\/v2\/product_cat?post=11753"},{"taxonomy":"product_tag","embeddable":true,"href":"https:\/\/arbc.co.uk\/fr\/wp-json\/wp\/v2\/product_tag?post=11753"}],"curies":[{"name":"wp","href":"https:\/\/api.w.org\/{rel}","templated":true}]}}