{"id":11756,"date":"2021-03-19T09:21:17","date_gmt":"2021-03-19T09:21:17","guid":{"rendered":"https:\/\/arbc.co.uk\/product\/table-accessories\/"},"modified":"2024-10-14T14:03:10","modified_gmt":"2024-10-14T13:03:10","slug":"accessoires-tables","status":"publish","type":"product","link":"https:\/\/arbc.co.uk\/fr\/product\/accessoires-tables\/","title":{"rendered":"Accessoires Pour Tables"},"content":{"rendered":"<p>Merci de remplir le formulaire ci-dessous pour s\u00e9lectionner le nombre d&rsquo;accessoires dont vous avez besoin.<\/p>\n<h3>Barres de renforts \/ tirants lat\u00e9raux<\/h3>\n<p>Ce derniers sont fabriqu\u00e9s \u00e0 partir d&rsquo;une barre plate en acier doux et comprennent toute la visserie n\u00e9cessaire.<\/p>\n<div class=\"accessories-heading\">Barres de renfort centrale :<\/div>\n<ul>\n<li>ensemble de 2, non peintes et pr\u00e9-perc\u00e9es<\/li>\n<li>comprend 22 vis en acier inoxydable<\/li>\n<\/ul>\n<div class=\"accessories-heading\">Tirants de renfort lat\u00e9raux :<\/div>\n<ul>\n<li>jeu de 2, pr\u00e9-courb\u00e9s et perc\u00e9s, non peints<\/li>\n<li>comprend 3 \u00e9crous, boulons et rondelles BZP et 3 vis en acier inoxydable<\/li>\n<\/ul>\n<h3>Visserie :<\/h3>\n<div class=\"accessories-heading\">Contenu :<\/div>\n<ul>\n<li>24 boulons, \u00e9crous et rondelles BZP M6 x 40mm<\/li>\n<li>24 vis AZ x 20mm en acier inoxydable<\/li>\n<\/ul>\n","protected":false},"excerpt":{"rendered":"<p>Nous vendons s\u00e9par\u00e9ment les jeux de visserie, les tirants et les barres de renfort centrales qui constituent notre kit de table standard.<\/p>\n","protected":false},"featured_media":10189,"template":"","meta":{"_acf_changed":false},"product_brand":[],"product_cat":[46],"product_tag":[],"class_list":{"0":"post-11756","1":"product","2":"type-product","3":"status-publish","4":"has-post-thumbnail","6":"product_cat-accessoires","8":"first","9":"instock","10":"sold-individually","11":"taxable","12":"shipping-taxable","13":"purchasable","14":"product-type-simple"},"exclude_global_add_ons":false,"addons":[{"name":"Barres de renfort","type":"input_multiplier","position":0,"required":false,"title_format":"label","default":"","description_enable":true,"description":"Jeu de 2","placeholder_enable":false,"placeholder":"","display":"select","restrictions_type":"any_text","adjust_price":true,"price":"16.083333","price_type":"flat_fee","restrictions":false,"min":"0","max":"0","options":[],"id":1714476878},{"name":"Tirants de renfort lat\u00e9raux","type":"input_multiplier","position":1,"required":false,"title_format":"label","default":"","description_enable":true,"description":"Jeu de 2","placeholder_enable":false,"placeholder":"","display":"select","restrictions_type":"any_text","adjust_price":true,"price":"20.25","price_type":"flat_fee","restrictions":false,"min":"0","max":"0","options":[],"id":1714476879},{"name":"Visserie","type":"input_multiplier","position":2,"required":false,"title_format":"label","default":"","description_enable":false,"description":"","placeholder_enable":false,"placeholder":"","display":"select","restrictions_type":"any_text","adjust_price":true,"price":"7.75","price_type":"flat_fee","restrictions":false,"min":"0","max":"0","options":[],"id":1714476880}],"acf":[],"tiered_pricing_type":"fixed","tiered_pricing_fixed_rules":[],"tiered_pricing_product_settings":{"layout":"default","base_unit_name":{"singular":null,"plural":null},"default_variation":null},"tiered_pricing_minimum_quantity":null,"tiered_pricing_roles_data":[],"tiered_pricing_percentage_rules":[],"tiered_pricing_maximum_quantity":null,"tiered_pricing_quantity_step":null,"_links":{"self":[{"href":"https:\/\/arbc.co.uk\/fr\/wp-json\/wp\/v2\/product\/11756","targetHints":{"allow":["GET"]}}],"collection":[{"href":"https:\/\/arbc.co.uk\/fr\/wp-json\/wp\/v2\/product"}],"about":[{"href":"https:\/\/arbc.co.uk\/fr\/wp-json\/wp\/v2\/types\/product"}],"wp:featuredmedia":[{"embeddable":true,"href":"https:\/\/arbc.co.uk\/fr\/wp-json\/wp\/v2\/media\/10189"}],"wp:attachment":[{"href":"https:\/\/arbc.co.uk\/fr\/wp-json\/wp\/v2\/media?parent=11756"}],"wp:term":[{"taxonomy":"product_brand","embeddable":true,"href":"https:\/\/arbc.co.uk\/fr\/wp-json\/wp\/v2\/product_brand?post=11756"},{"taxonomy":"product_cat","embeddable":true,"href":"https:\/\/arbc.co.uk\/fr\/wp-json\/wp\/v2\/product_cat?post=11756"},{"taxonomy":"product_tag","embeddable":true,"href":"https:\/\/arbc.co.uk\/fr\/wp-json\/wp\/v2\/product_tag?post=11756"}],"curies":[{"name":"wp","href":"https:\/\/api.w.org\/{rel}","templated":true}]}}