{"id":11759,"date":"2021-03-19T09:32:43","date_gmt":"2021-03-19T09:32:43","guid":{"rendered":"https:\/\/arbc.co.uk\/product\/chair-accessories\/"},"modified":"2024-10-14T14:02:36","modified_gmt":"2024-10-14T13:02:36","slug":"accessoires-chaises","status":"publish","type":"product","link":"https:\/\/arbc.co.uk\/fr\/product\/accessoires-chaises\/","title":{"rendered":"Accessoires Pour Chaises"},"content":{"rendered":"<p>Si vous poss\u00e9dez d\u00e9j\u00e0 des lattes en bois pour restaurer votre chaise, la seule chose dont vous avez besoin est l&rsquo;un de nos jeux de visserie.<\/p>\n<div>Ce jeu de visserie convient \u00e0 notre <a href=\"https:\/\/arbc.co.uk\/fr\/product\/kit-chaise-standard\/\">kit chaise standard<\/a> et contient :<\/div>\n<ul>\n<li>26 boulons, \u00e9crous et rondelles BZP M6 x 40mm<\/li>\n<\/ul>\n","protected":false},"excerpt":{"rendered":"<p>Si vous poss\u00e9dez d\u00e9j\u00e0 les lattes en bois pour restaurer votre chaise, la seule chose dont vous avez besoin est l&rsquo;un de nos jeux de visserie. Convient \u00e0 notre kit de chaise standard.<\/p>\n","protected":false},"featured_media":10101,"template":"","meta":{"_acf_changed":false},"product_brand":[],"product_cat":[46],"product_tag":[],"class_list":{"0":"post-11759","1":"product","2":"type-product","3":"status-publish","4":"has-post-thumbnail","6":"product_cat-accessoires","8":"first","9":"instock","10":"sold-individually","11":"taxable","12":"shipping-taxable","13":"purchasable","14":"product-type-simple"},"exclude_global_add_ons":false,"addons":[{"name":"Visserie","type":"input_multiplier","position":0,"required":true,"title_format":"label","default":"","description_enable":false,"description":"","placeholder_enable":false,"placeholder":"","display":"select","restrictions_type":"any_text","adjust_price":true,"price":"7.166667","price_type":"flat_fee","restrictions":false,"min":"0","max":"0","options":[],"id":1714476821}],"acf":[],"tiered_pricing_type":"fixed","tiered_pricing_fixed_rules":[],"tiered_pricing_product_settings":{"layout":"default","base_unit_name":{"singular":null,"plural":null},"default_variation":null},"tiered_pricing_minimum_quantity":null,"tiered_pricing_roles_data":[],"tiered_pricing_percentage_rules":[],"tiered_pricing_maximum_quantity":null,"tiered_pricing_quantity_step":null,"_links":{"self":[{"href":"https:\/\/arbc.co.uk\/fr\/wp-json\/wp\/v2\/product\/11759","targetHints":{"allow":["GET"]}}],"collection":[{"href":"https:\/\/arbc.co.uk\/fr\/wp-json\/wp\/v2\/product"}],"about":[{"href":"https:\/\/arbc.co.uk\/fr\/wp-json\/wp\/v2\/types\/product"}],"wp:featuredmedia":[{"embeddable":true,"href":"https:\/\/arbc.co.uk\/fr\/wp-json\/wp\/v2\/media\/10101"}],"wp:attachment":[{"href":"https:\/\/arbc.co.uk\/fr\/wp-json\/wp\/v2\/media?parent=11759"}],"wp:term":[{"taxonomy":"product_brand","embeddable":true,"href":"https:\/\/arbc.co.uk\/fr\/wp-json\/wp\/v2\/product_brand?post=11759"},{"taxonomy":"product_cat","embeddable":true,"href":"https:\/\/arbc.co.uk\/fr\/wp-json\/wp\/v2\/product_cat?post=11759"},{"taxonomy":"product_tag","embeddable":true,"href":"https:\/\/arbc.co.uk\/fr\/wp-json\/wp\/v2\/product_tag?post=11759"}],"curies":[{"name":"wp","href":"https:\/\/api.w.org\/{rel}","templated":true}]}}