{"id":11820,"date":"2021-12-07T11:58:18","date_gmt":"2021-12-07T11:58:18","guid":{"rendered":"https:\/\/arbc.co.uk\/product\/engraved-plaque\/"},"modified":"2024-10-14T14:01:48","modified_gmt":"2024-10-14T13:01:48","slug":"plaque-gravee","status":"publish","type":"product","link":"https:\/\/arbc.co.uk\/fr\/product\/plaque-gravee\/","title":{"rendered":"Plaque Grav\u00e9e"},"content":{"rendered":"<p>Personnalisez votre banc avec une plaque grav\u00e9e en laiton. Il suffit de saisir le texte \u00e0 graver dans le champ ci-dessous.<\/p>\n<p>Dimensions de la plaque : 120mm x 45mm x 2mm<br \/>\nInclus : 4 vis en laiton<\/p>\n","protected":false},"excerpt":{"rendered":"<p>Personnalisez votre banc avec une plaque grav\u00e9e en laiton. La plaque est perc\u00e9e et fournie avec 4 vis en laiton.<\/p>\n","protected":false},"featured_media":10656,"template":"","meta":{"_acf_changed":false},"product_brand":[],"product_cat":[46],"product_tag":[],"class_list":{"0":"post-11820","1":"product","2":"type-product","3":"status-publish","4":"has-post-thumbnail","6":"product_cat-accessoires","7":"product_shipping_class-envelope","9":"first","10":"instock","11":"taxable","12":"shipping-taxable","13":"purchasable","14":"product-type-simple"},"exclude_global_add_ons":false,"addons":[{"name":"Gravure","type":"custom_textarea","position":0,"required":false,"title_format":"hide","default":"","description_enable":false,"description":"","placeholder_enable":false,"placeholder":"","display":"select","restrictions_type":"any_text","adjust_price":false,"price":"","price_type":"flat_fee","restrictions":false,"min":"0","max":"0","options":[],"id":1714476426}],"acf":[],"tiered_pricing_type":"fixed","tiered_pricing_fixed_rules":[],"tiered_pricing_product_settings":{"layout":"table","base_unit_name":{"singular":null,"plural":null},"default_variation":null},"tiered_pricing_minimum_quantity":null,"tiered_pricing_roles_data":[],"tiered_pricing_percentage_rules":[],"tiered_pricing_maximum_quantity":null,"tiered_pricing_quantity_step":null,"_links":{"self":[{"href":"https:\/\/arbc.co.uk\/fr\/wp-json\/wp\/v2\/product\/11820","targetHints":{"allow":["GET"]}}],"collection":[{"href":"https:\/\/arbc.co.uk\/fr\/wp-json\/wp\/v2\/product"}],"about":[{"href":"https:\/\/arbc.co.uk\/fr\/wp-json\/wp\/v2\/types\/product"}],"wp:featuredmedia":[{"embeddable":true,"href":"https:\/\/arbc.co.uk\/fr\/wp-json\/wp\/v2\/media\/10656"}],"wp:attachment":[{"href":"https:\/\/arbc.co.uk\/fr\/wp-json\/wp\/v2\/media?parent=11820"}],"wp:term":[{"taxonomy":"product_brand","embeddable":true,"href":"https:\/\/arbc.co.uk\/fr\/wp-json\/wp\/v2\/product_brand?post=11820"},{"taxonomy":"product_cat","embeddable":true,"href":"https:\/\/arbc.co.uk\/fr\/wp-json\/wp\/v2\/product_cat?post=11820"},{"taxonomy":"product_tag","embeddable":true,"href":"https:\/\/arbc.co.uk\/fr\/wp-json\/wp\/v2\/product_tag?post=11820"}],"curies":[{"name":"wp","href":"https:\/\/api.w.org\/{rel}","templated":true}]}}